{"id":15,"date":"2022-09-19T13:42:26","date_gmt":"2022-09-19T13:42:26","guid":{"rendered":"https:\/\/websitehelper.de\/?page_id=15"},"modified":"2022-10-06T12:12:37","modified_gmt":"2022-10-06T12:12:37","slug":"impressum","status":"publish","type":"page","link":"https:\/\/websitehelper.de\/index.php\/impressum\/","title":{"rendered":"Impressum"},"content":{"rendered":"\t\t<div data-elementor-type=\"wp-page\" data-elementor-id=\"15\" class=\"elementor elementor-15\" data-elementor-post-type=\"page\">\n\t\t\t\t\t\t<section class=\"elementor-section elementor-top-section elementor-element elementor-element-8d09ba3 elementor-section-boxed elementor-section-height-default elementor-section-height-default\" data-id=\"8d09ba3\" data-element_type=\"section\" data-e-type=\"section\">\n\t\t\t\t\t\t<div class=\"elementor-container elementor-column-gap-default\">\n\t\t\t\t\t<div class=\"elementor-column elementor-col-100 elementor-top-column elementor-element elementor-element-6a41c59\" data-id=\"6a41c59\" data-element_type=\"column\" data-e-type=\"column\">\n\t\t\t<div class=\"elementor-widget-wrap elementor-element-populated\">\n\t\t\t\t\t\t<div class=\"elementor-element elementor-element-0ad925d elementor-widget elementor-widget-spacer\" data-id=\"0ad925d\" data-element_type=\"widget\" data-e-type=\"widget\" data-widget_type=\"spacer.default\">\n\t\t\t\t<div class=\"elementor-widget-container\">\n\t\t\t\t\t\t\t<div class=\"elementor-spacer\">\n\t\t\t<div class=\"elementor-spacer-inner\"><\/div>\n\t\t<\/div>\n\t\t\t\t\t\t<\/div>\n\t\t\t\t<\/div>\n\t\t\t\t\t<\/div>\n\t\t<\/div>\n\t\t\t\t\t<\/div>\n\t\t<\/section>\n\t\t\t\t<section class=\"elementor-section elementor-top-section elementor-element elementor-element-b8aaf6b elementor-section-boxed elementor-section-height-default elementor-section-height-default\" data-id=\"b8aaf6b\" data-element_type=\"section\" data-e-type=\"section\">\n\t\t\t\t\t\t<div class=\"elementor-container elementor-column-gap-default\">\n\t\t\t\t\t<div class=\"elementor-column elementor-col-100 elementor-top-column elementor-element elementor-element-6460b8f\" data-id=\"6460b8f\" data-element_type=\"column\" data-e-type=\"column\">\n\t\t\t<div class=\"elementor-widget-wrap elementor-element-populated\">\n\t\t\t\t\t\t<div class=\"elementor-element elementor-element-bd8648c elementor-widget elementor-widget-heading\" data-id=\"bd8648c\" data-element_type=\"widget\" data-e-type=\"widget\" data-widget_type=\"heading.default\">\n\t\t\t\t<div class=\"elementor-widget-container\">\n\t\t\t\t\t<h2 class=\"elementor-heading-title elementor-size-default\">Impressum<\/h2>\t\t\t\t<\/div>\n\t\t\t\t<\/div>\n\t\t\t\t\t<\/div>\n\t\t<\/div>\n\t\t\t\t\t<\/div>\n\t\t<\/section>\n\t\t\t\t<section class=\"elementor-section elementor-top-section elementor-element elementor-element-b93bdd1 elementor-section-boxed elementor-section-height-default elementor-section-height-default\" data-id=\"b93bdd1\" data-element_type=\"section\" data-e-type=\"section\">\n\t\t\t\t\t\t<div class=\"elementor-container elementor-column-gap-default\">\n\t\t\t\t\t<div class=\"elementor-column elementor-col-100 elementor-top-column elementor-element elementor-element-10dd7c5\" data-id=\"10dd7c5\" data-element_type=\"column\" data-e-type=\"column\">\n\t\t\t<div class=\"elementor-widget-wrap elementor-element-populated\">\n\t\t\t\t\t\t<div class=\"elementor-element elementor-element-76de99b elementor-widget-divider--view-line elementor-widget elementor-widget-divider\" data-id=\"76de99b\" data-element_type=\"widget\" data-e-type=\"widget\" data-widget_type=\"divider.default\">\n\t\t\t\t<div class=\"elementor-widget-container\">\n\t\t\t\t\t\t\t<div class=\"elementor-divider\">\n\t\t\t<span class=\"elementor-divider-separator\">\n\t\t\t\t\t\t<\/span>\n\t\t<\/div>\n\t\t\t\t\t\t<\/div>\n\t\t\t\t<\/div>\n\t\t\t\t\t<\/div>\n\t\t<\/div>\n\t\t\t\t\t<\/div>\n\t\t<\/section>\n\t\t\t\t<section class=\"elementor-section elementor-top-section elementor-element elementor-element-608d406 elementor-section-boxed elementor-section-height-default elementor-section-height-default\" data-id=\"608d406\" data-element_type=\"section\" data-e-type=\"section\">\n\t\t\t\t\t\t<div class=\"elementor-container elementor-column-gap-default\">\n\t\t\t\t\t<div class=\"elementor-column elementor-col-100 elementor-top-column elementor-element elementor-element-9739fa9\" data-id=\"9739fa9\" data-element_type=\"column\" data-e-type=\"column\">\n\t\t\t<div class=\"elementor-widget-wrap elementor-element-populated\">\n\t\t\t\t\t\t<div class=\"elementor-element elementor-element-8a6e68f elementor-widget elementor-widget-spacer\" data-id=\"8a6e68f\" data-element_type=\"widget\" data-e-type=\"widget\" data-widget_type=\"spacer.default\">\n\t\t\t\t<div class=\"elementor-widget-container\">\n\t\t\t\t\t\t\t<div class=\"elementor-spacer\">\n\t\t\t<div class=\"elementor-spacer-inner\"><\/div>\n\t\t<\/div>\n\t\t\t\t\t\t<\/div>\n\t\t\t\t<\/div>\n\t\t\t\t\t<\/div>\n\t\t<\/div>\n\t\t\t\t\t<\/div>\n\t\t<\/section>\n\t\t\t\t<section class=\"elementor-section elementor-top-section elementor-element elementor-element-8b59c69 elementor-section-boxed elementor-section-height-default elementor-section-height-default\" data-id=\"8b59c69\" data-element_type=\"section\" data-e-type=\"section\">\n\t\t\t\t\t\t<div class=\"elementor-container elementor-column-gap-default\">\n\t\t\t\t\t<div class=\"elementor-column elementor-col-100 elementor-top-column elementor-element elementor-element-0246247\" data-id=\"0246247\" data-element_type=\"column\" data-e-type=\"column\">\n\t\t\t<div class=\"elementor-widget-wrap elementor-element-populated\">\n\t\t\t\t\t\t<div class=\"elementor-element elementor-element-a665eca elementor-widget elementor-widget-text-editor\" data-id=\"a665eca\" data-element_type=\"widget\" data-e-type=\"widget\" data-widget_type=\"text-editor.default\">\n\t\t\t\t<div class=\"elementor-widget-container\">\n\t\t\t\t\t\t\t\t\t<div class=\"elementor-element elementor-element-f86708a elementor-widget elementor-widget-text-editor\" data-id=\"f86708a\" data-element_type=\"widget\" data-widget_type=\"text-editor.default\"><div class=\"elementor-widget-container\"><p style=\"text-align: left;\"><span style=\"color: #000000;\">dieser internetauftritt wird betrieben von:<\/span><br \/><span style=\"color: #000000;\"><strong>foryu media ug (haftungsbeschr\u00e4nkt) &amp; co. kg<\/strong><\/span><br \/><span style=\"color: #000000;\">wahmstrasse 83<\/span><br \/><span style=\"color: #000000;\">23552 l\u00fcbeck<\/span><br \/><span style=\"color: #000000;\">tel.: 0451 \/\u00a098 98 64 46<\/span><br \/><span style=\"color: #000000;\">fax: 0451 \/ 88 31 461<\/span><br \/><span style=\"color: #000000;\">e-mail: info@foryu-media.de<\/span><br \/><span style=\"color: #000000;\">registergericht: amtsgericht l\u00fcbeck<\/span><br \/><span style=\"color: #000000;\">handelsregister nr.: hra 8046<\/span><\/p><p style=\"text-align: left;\"><span style=\"color: #000000;\">die gesetzliche vertretung der foryu media ug (haftungsbeschr\u00e4nkt) &amp; co. kg erfolgt durch ihre komplement\u00e4rin, die foryu media verwaltungs ug (haftungsbeschr\u00e4nkt), diese wiederum handelnd durch ihren gesch\u00e4ftsf\u00fchrer.<\/span><br \/><span style=\"color: #000000;\">foryu media verwaltungs ug (haftungsbeschr\u00e4nkt)<\/span><br \/><span style=\"color: #000000;\">gesch\u00e4ftsf\u00fchrer: dennis forte<\/span><br \/><span style=\"color: #000000;\">registergericht: amtsgericht l\u00fcbeck<\/span><br \/><span style=\"color: #000000;\">handelsregister nr.: hrb 13857<\/span><\/p><p style=\"text-align: left;\"><span style=\"color: #000000;\">f\u00fcr den inhalt verantwortlich im sinne von \u00a7 55 abs. 2 rstv:<\/span><br \/><span style=\"color: #000000;\">dennis forte<\/span><br \/><span style=\"color: #000000;\">foryu media ug (haftungsbeschr\u00e4nkt) &amp; co.kg<\/span><br \/><span style=\"color: #000000;\">wahmstrasse 83<\/span><br \/><span style=\"color: #000000;\">23552 l\u00fcbeck<\/span><\/p><p style=\"text-align: left;\"><span style=\"color: #000000;\">beschwerdeverfahren<\/span><\/p><p style=\"text-align: left;\"><span style=\"color: #000000;\">alternative streitbeilegung gem\u00e4\u00df art. 14 abs. 1 odr-vo und \u00a7 36 vsbg:<\/span><\/p><p style=\"text-align: left;\"><span style=\"color: #000000;\">die europ\u00e4ische kommission stellt eine plattform zur online-streitbeilegung (os) bereit, die du unter\u00a0<a style=\"color: #000000;\" href=\"https:\/\/ec.europa.eu\/consumers\/odr\" target=\"_blank\" rel=\"noopener\">https:\/\/ec.europa.eu\/consumers\/odr<\/a>\/ findest. zur teilnahme an einem streitbeilegungsverfahren vor einer verbraucherschlichtungsstelle sind wir nicht verpflichtet und nicht bereit.<\/span><\/p><p style=\"text-align: left;\"><span style=\"color: #000000;\">gestaltung und umsetzung<\/span><\/p><\/div><\/div><section class=\"elementor-section elementor-inner-section elementor-element elementor-element-1f67a75 elementor-section-boxed elementor-section-height-default elementor-section-height-default\" data-id=\"1f67a75\" data-element_type=\"section\"><div class=\"elementor-container elementor-column-gap-default\"><div class=\"elementor-column elementor-col-66 elementor-inner-column elementor-element elementor-element-9167a5d\" data-id=\"9167a5d\" data-element_type=\"column\"><div class=\"elementor-widget-wrap elementor-element-populated\"><div class=\"elementor-element elementor-element-0553342 elementor-widget elementor-widget-text-editor\" data-id=\"0553342\" data-element_type=\"widget\" data-widget_type=\"text-editor.default\"><p class=\"elementor-widget-container\" style=\"text-align: left;\"><span style=\"color: #000000;\">wahmstra\u00dfe 83, 23552 l\u00fcbeck<\/span><br \/><span style=\"color: #000000;\">telefon:<\/span>\u00a0<a href=\"tel:0 45198986446\">+49 (0) 451 98 98 64-46<\/a><br \/><span style=\"color: #000000;\">e-mail:<\/span>\u00a0<a href=\"mailto:info@foryu-media.de\">info@foryu-media.de<\/a><br \/><span style=\"color: #000000;\">internet:<\/span>\u00a0<a href=\"https:\/\/druck-foryu.de\/impressum\/www.foryu-media.de\">www.foryu-media.de<\/a><\/p><\/div><\/div><\/div><\/div><\/section>\t\t\t\t\t\t\t\t<\/div>\n\t\t\t\t<\/div>\n\t\t\t\t\t<\/div>\n\t\t<\/div>\n\t\t\t\t\t<\/div>\n\t\t<\/section>\n\t\t\t\t<section class=\"elementor-section elementor-top-section elementor-element elementor-element-1668d70 elementor-section-boxed elementor-section-height-default elementor-section-height-default\" data-id=\"1668d70\" data-element_type=\"section\" data-e-type=\"section\">\n\t\t\t\t\t\t<div class=\"elementor-container elementor-column-gap-default\">\n\t\t\t\t\t<div class=\"elementor-column elementor-col-100 elementor-top-column elementor-element elementor-element-692dfa3\" data-id=\"692dfa3\" data-element_type=\"column\" data-e-type=\"column\">\n\t\t\t<div class=\"elementor-widget-wrap elementor-element-populated\">\n\t\t\t\t\t\t<div class=\"elementor-element elementor-element-4767f67 elementor-widget elementor-widget-spacer\" data-id=\"4767f67\" data-element_type=\"widget\" data-e-type=\"widget\" data-widget_type=\"spacer.default\">\n\t\t\t\t<div class=\"elementor-widget-container\">\n\t\t\t\t\t\t\t<div class=\"elementor-spacer\">\n\t\t\t<div class=\"elementor-spacer-inner\"><\/div>\n\t\t<\/div>\n\t\t\t\t\t\t<\/div>\n\t\t\t\t<\/div>\n\t\t\t\t\t<\/div>\n\t\t<\/div>\n\t\t\t\t\t<\/div>\n\t\t<\/section>\n\t\t\t\t<\/div>\n\t\t","protected":false},"excerpt":{"rendered":"<p>Impressum dieser internetauftritt wird betrieben von: foryu media ug (haftungsbeschr\u00e4nkt) &amp; co. kg wahmstrasse 83 23552 l\u00fcbeck tel.: 0451 \/&nbsp;98 98 64 46 fax: 0451 \/ 88 31 461 e-mail: info@foryu-media.de registergericht: amtsgericht l\u00fcbeck handelsregister nr.: hra 8046 die gesetzliche vertretung der foryu media ug (haftungsbeschr\u00e4nkt) &amp; co. kg erfolgt durch ihre komplement\u00e4rin, die foryu [&hellip;]<\/p>\n","protected":false},"author":1,"featured_media":0,"parent":0,"menu_order":0,"comment_status":"closed","ping_status":"closed","template":"","meta":{"footnotes":""},"class_list":["post-15","page","type-page","status-publish","hentry"],"yoast_head":"<!-- This site is optimized with the Yoast SEO plugin v27.3 - https:\/\/yoast.com\/product\/yoast-seo-wordpress\/ -->\n<title>Impressum - websitehelper<\/title>\n<meta name=\"description\" content=\"Alle wichtigen Informationen zu uns findet ihr hier in unserem Impressum. F\u00fcr Fragen stehen wir euch auch jederzeit zur Verf\u00fcgung.\" \/>\n<meta name=\"robots\" content=\"index, follow, max-snippet:-1, max-image-preview:large, max-video-preview:-1\" \/>\n<link rel=\"canonical\" href=\"https:\/\/websitehelper.de\/index.php\/impressum\/\" \/>\n<meta property=\"og:locale\" content=\"de_DE\" \/>\n<meta property=\"og:type\" content=\"article\" \/>\n<meta property=\"og:title\" content=\"Impressum - websitehelper\" \/>\n<meta property=\"og:description\" content=\"Alle wichtigen Informationen zu uns findet ihr hier in unserem Impressum. F\u00fcr Fragen stehen wir euch auch jederzeit zur Verf\u00fcgung.\" \/>\n<meta property=\"og:url\" content=\"https:\/\/websitehelper.de\/index.php\/impressum\/\" \/>\n<meta property=\"og:site_name\" content=\"websitehelper\" \/>\n<meta property=\"article:modified_time\" content=\"2022-10-06T12:12:37+00:00\" \/>\n<meta name=\"twitter:card\" content=\"summary_large_image\" \/>\n<meta name=\"twitter:label1\" content=\"Gesch\u00e4tzte Lesezeit\" \/>\n\t<meta name=\"twitter:data1\" content=\"1\u00a0Minute\" \/>\n<script type=\"application\/ld+json\" class=\"yoast-schema-graph\">{\"@context\":\"https:\\\/\\\/schema.org\",\"@graph\":[{\"@type\":\"WebPage\",\"@id\":\"https:\\\/\\\/websitehelper.de\\\/index.php\\\/impressum\\\/\",\"url\":\"https:\\\/\\\/websitehelper.de\\\/index.php\\\/impressum\\\/\",\"name\":\"Impressum - websitehelper\",\"isPartOf\":{\"@id\":\"https:\\\/\\\/websitehelper.de\\\/#website\"},\"datePublished\":\"2022-09-19T13:42:26+00:00\",\"dateModified\":\"2022-10-06T12:12:37+00:00\",\"description\":\"Alle wichtigen Informationen zu uns findet ihr hier in unserem Impressum. F\u00fcr Fragen stehen wir euch auch jederzeit zur Verf\u00fcgung.\",\"breadcrumb\":{\"@id\":\"https:\\\/\\\/websitehelper.de\\\/index.php\\\/impressum\\\/#breadcrumb\"},\"inLanguage\":\"de\",\"potentialAction\":[{\"@type\":\"ReadAction\",\"target\":[\"https:\\\/\\\/websitehelper.de\\\/index.php\\\/impressum\\\/\"]}]},{\"@type\":\"BreadcrumbList\",\"@id\":\"https:\\\/\\\/websitehelper.de\\\/index.php\\\/impressum\\\/#breadcrumb\",\"itemListElement\":[{\"@type\":\"ListItem\",\"position\":1,\"name\":\"Startseite\",\"item\":\"https:\\\/\\\/websitehelper.de\\\/\"},{\"@type\":\"ListItem\",\"position\":2,\"name\":\"Impressum\"}]},{\"@type\":\"WebSite\",\"@id\":\"https:\\\/\\\/websitehelper.de\\\/#website\",\"url\":\"https:\\\/\\\/websitehelper.de\\\/\",\"name\":\"websitehelper\",\"description\":\"Hilft zur neuen Webseite\",\"publisher\":{\"@id\":\"https:\\\/\\\/websitehelper.de\\\/#organization\"},\"potentialAction\":[{\"@type\":\"SearchAction\",\"target\":{\"@type\":\"EntryPoint\",\"urlTemplate\":\"https:\\\/\\\/websitehelper.de\\\/?s={search_term_string}\"},\"query-input\":{\"@type\":\"PropertyValueSpecification\",\"valueRequired\":true,\"valueName\":\"search_term_string\"}}],\"inLanguage\":\"de\"},{\"@type\":\"Organization\",\"@id\":\"https:\\\/\\\/websitehelper.de\\\/#organization\",\"name\":\"websitehelper\",\"url\":\"https:\\\/\\\/websitehelper.de\\\/\",\"logo\":{\"@type\":\"ImageObject\",\"inLanguage\":\"de\",\"@id\":\"https:\\\/\\\/websitehelper.de\\\/#\\\/schema\\\/logo\\\/image\\\/\",\"url\":\"https:\\\/\\\/websitehelper.de\\\/wp-content\\\/uploads\\\/2022\\\/09\\\/websitehelper-250x120px.png\",\"contentUrl\":\"https:\\\/\\\/websitehelper.de\\\/wp-content\\\/uploads\\\/2022\\\/09\\\/websitehelper-250x120px.png\",\"width\":1042,\"height\":565,\"caption\":\"websitehelper\"},\"image\":{\"@id\":\"https:\\\/\\\/websitehelper.de\\\/#\\\/schema\\\/logo\\\/image\\\/\"}}]}<\/script>\n<!-- \/ Yoast SEO plugin. -->","yoast_head_json":{"title":"Impressum - websitehelper","description":"Alle wichtigen Informationen zu uns findet ihr hier in unserem Impressum. F\u00fcr Fragen stehen wir euch auch jederzeit zur Verf\u00fcgung.","robots":{"index":"index","follow":"follow","max-snippet":"max-snippet:-1","max-image-preview":"max-image-preview:large","max-video-preview":"max-video-preview:-1"},"canonical":"https:\/\/websitehelper.de\/index.php\/impressum\/","og_locale":"de_DE","og_type":"article","og_title":"Impressum - websitehelper","og_description":"Alle wichtigen Informationen zu uns findet ihr hier in unserem Impressum. F\u00fcr Fragen stehen wir euch auch jederzeit zur Verf\u00fcgung.","og_url":"https:\/\/websitehelper.de\/index.php\/impressum\/","og_site_name":"websitehelper","article_modified_time":"2022-10-06T12:12:37+00:00","twitter_card":"summary_large_image","twitter_misc":{"Gesch\u00e4tzte Lesezeit":"1\u00a0Minute"},"schema":{"@context":"https:\/\/schema.org","@graph":[{"@type":"WebPage","@id":"https:\/\/websitehelper.de\/index.php\/impressum\/","url":"https:\/\/websitehelper.de\/index.php\/impressum\/","name":"Impressum - websitehelper","isPartOf":{"@id":"https:\/\/websitehelper.de\/#website"},"datePublished":"2022-09-19T13:42:26+00:00","dateModified":"2022-10-06T12:12:37+00:00","description":"Alle wichtigen Informationen zu uns findet ihr hier in unserem Impressum. F\u00fcr Fragen stehen wir euch auch jederzeit zur Verf\u00fcgung.","breadcrumb":{"@id":"https:\/\/websitehelper.de\/index.php\/impressum\/#breadcrumb"},"inLanguage":"de","potentialAction":[{"@type":"ReadAction","target":["https:\/\/websitehelper.de\/index.php\/impressum\/"]}]},{"@type":"BreadcrumbList","@id":"https:\/\/websitehelper.de\/index.php\/impressum\/#breadcrumb","itemListElement":[{"@type":"ListItem","position":1,"name":"Startseite","item":"https:\/\/websitehelper.de\/"},{"@type":"ListItem","position":2,"name":"Impressum"}]},{"@type":"WebSite","@id":"https:\/\/websitehelper.de\/#website","url":"https:\/\/websitehelper.de\/","name":"websitehelper","description":"Hilft zur neuen Webseite","publisher":{"@id":"https:\/\/websitehelper.de\/#organization"},"potentialAction":[{"@type":"SearchAction","target":{"@type":"EntryPoint","urlTemplate":"https:\/\/websitehelper.de\/?s={search_term_string}"},"query-input":{"@type":"PropertyValueSpecification","valueRequired":true,"valueName":"search_term_string"}}],"inLanguage":"de"},{"@type":"Organization","@id":"https:\/\/websitehelper.de\/#organization","name":"websitehelper","url":"https:\/\/websitehelper.de\/","logo":{"@type":"ImageObject","inLanguage":"de","@id":"https:\/\/websitehelper.de\/#\/schema\/logo\/image\/","url":"https:\/\/websitehelper.de\/wp-content\/uploads\/2022\/09\/websitehelper-250x120px.png","contentUrl":"https:\/\/websitehelper.de\/wp-content\/uploads\/2022\/09\/websitehelper-250x120px.png","width":1042,"height":565,"caption":"websitehelper"},"image":{"@id":"https:\/\/websitehelper.de\/#\/schema\/logo\/image\/"}}]}},"_links":{"self":[{"href":"https:\/\/websitehelper.de\/index.php\/wp-json\/wp\/v2\/pages\/15","targetHints":{"allow":["GET"]}}],"collection":[{"href":"https:\/\/websitehelper.de\/index.php\/wp-json\/wp\/v2\/pages"}],"about":[{"href":"https:\/\/websitehelper.de\/index.php\/wp-json\/wp\/v2\/types\/page"}],"author":[{"embeddable":true,"href":"https:\/\/websitehelper.de\/index.php\/wp-json\/wp\/v2\/users\/1"}],"replies":[{"embeddable":true,"href":"https:\/\/websitehelper.de\/index.php\/wp-json\/wp\/v2\/comments?post=15"}],"version-history":[{"count":14,"href":"https:\/\/websitehelper.de\/index.php\/wp-json\/wp\/v2\/pages\/15\/revisions"}],"predecessor-version":[{"id":352,"href":"https:\/\/websitehelper.de\/index.php\/wp-json\/wp\/v2\/pages\/15\/revisions\/352"}],"wp:attachment":[{"href":"https:\/\/websitehelper.de\/index.php\/wp-json\/wp\/v2\/media?parent=15"}],"curies":[{"name":"wp","href":"https:\/\/api.w.org\/{rel}","templated":true}]}}